{"id":2548,"date":"2024-02-14T22:35:22","date_gmt":"2024-02-14T21:35:22","guid":{"rendered":"https:\/\/terrasolutionscontractors.com\/?page_id=2548"},"modified":"2024-02-14T23:42:23","modified_gmt":"2024-02-14T22:42:23","slug":"remodeling","status":"publish","type":"page","link":"https:\/\/terrasolutionscontractors.com\/index.php\/remodeling\/","title":{"rendered":"Remodeling"},"content":{"rendered":"\t\t<div data-elementor-type=\"wp-page\" data-elementor-id=\"2548\" class=\"elementor elementor-2548\" data-elementor-post-type=\"page\">\n\t\t\t\t\t\t<section class=\"elementor-section elementor-top-section elementor-element elementor-element-285ada0 elementor-section-full_width elementor-section-height-default elementor-section-height-default\" data-id=\"285ada0\" data-element_type=\"section\">\n\t\t\t\t\t\t<div class=\"elementor-container elementor-column-gap-default\">\n\t\t\t\t\t<div class=\"elementor-column elementor-col-100 elementor-top-column elementor-element elementor-element-22f7065\" data-id=\"22f7065\" data-element_type=\"column\">\n\t\t\t<div class=\"elementor-widget-wrap elementor-element-populated\">\n\t\t\t\t\t\t<div class=\"elementor-element elementor-element-7bbb0c0 elementor-widget elementor-widget-bdt-advanced-heading\" data-id=\"7bbb0c0\" data-element_type=\"widget\" data-widget_type=\"bdt-advanced-heading.default\">\n\t\t\t\t<div class=\"elementor-widget-container\">\n\t\t\t<div id =\"7bbb0c0\" class=\"bdt-ep-advanced-heading\" data-settings=\"{&quot;titleMultiColor&quot;:&quot;no&quot;}\"><div class=\"bdt-ep-advanced-heading-content bdt-visible@m\"><div class=\"bdt-transform-origin-top-left\">Remodeling Services<\/div><\/div><h2 class=\"bdt-ep-advanced-heading-title\"><span class=\"bdt-ep-advanced-heading-main-title\"><span class=\"bdt-ep-advanced-heading-main-title-inner\">REMODELING SERVICES<\/span><\/span><\/h2><\/div>\t\t<\/div>\n\t\t\t\t<\/div>\n\t\t\t\t\t<\/div>\n\t\t<\/div>\n\t\t\t\t\t<\/div>\n\t\t<\/section>\n\t\t\t\t<section class=\"elementor-section elementor-top-section elementor-element elementor-element-045e126 elementor-section-boxed elementor-section-height-default elementor-section-height-default elementor-invisible\" data-id=\"045e126\" data-element_type=\"section\" data-settings=\"{&quot;background_background&quot;:&quot;classic&quot;,&quot;animation&quot;:&quot;slideInLeft&quot;}\">\n\t\t\t\t\t\t<div class=\"elementor-container elementor-column-gap-default\">\n\t\t\t\t\t<div class=\"elementor-column elementor-col-50 elementor-top-column elementor-element elementor-element-9161972\" data-id=\"9161972\" data-element_type=\"column\">\n\t\t\t<div class=\"elementor-widget-wrap elementor-element-populated\">\n\t\t\t\t\t\t<div class=\"elementor-element elementor-element-c6a4687 bdt-image-hover-effect-wrap bdt-image-hover-effect-1 elementor-widget elementor-widget-image\" data-id=\"c6a4687\" data-element_type=\"widget\" data-widget_type=\"image.default\">\n\t\t\t\t<div class=\"elementor-widget-container\">\n\t\t\t<style>\/*! elementor - v3.19.0 - 07-02-2024 *\/\n.elementor-widget-image{text-align:center}.elementor-widget-image a{display:inline-block}.elementor-widget-image a img[src$=\".svg\"]{width:48px}.elementor-widget-image img{vertical-align:middle;display:inline-block}<\/style>\t\t\t\t\t\t\t\t\t\t<img fetchpriority=\"high\" decoding=\"async\" width=\"525\" height=\"350\" src=\"https:\/\/terrasolutionscontractors.com\/wp-content\/uploads\/2020\/10\/about-1.jpg\" class=\"attachment-large size-large wp-image-1201\" alt=\"\" srcset=\"https:\/\/terrasolutionscontractors.com\/wp-content\/uploads\/2020\/10\/about-1.jpg 600w, https:\/\/terrasolutionscontractors.com\/wp-content\/uploads\/2020\/10\/about-1-300x200.jpg 300w\" sizes=\"(max-width: 525px) 100vw, 525px\" \/>\t\t\t\t\t\t\t\t\t\t\t\t\t<\/div>\n\t\t\t\t<\/div>\n\t\t\t\t\t<\/div>\n\t\t<\/div>\n\t\t\t\t<div class=\"elementor-column elementor-col-50 elementor-top-column elementor-element elementor-element-d5fa688\" data-id=\"d5fa688\" data-element_type=\"column\">\n\t\t\t<div class=\"elementor-widget-wrap elementor-element-populated\">\n\t\t\t\t\t\t<div class=\"elementor-element elementor-element-facbb32 elementor-widget elementor-widget-spacer\" data-id=\"facbb32\" data-element_type=\"widget\" data-widget_type=\"spacer.default\">\n\t\t\t\t<div class=\"elementor-widget-container\">\n\t\t\t<style>\/*! elementor - v3.19.0 - 07-02-2024 *\/\n.elementor-column .elementor-spacer-inner{height:var(--spacer-size)}.e-con{--container-widget-width:100%}.e-con-inner>.elementor-widget-spacer,.e-con>.elementor-widget-spacer{width:var(--container-widget-width,var(--spacer-size));--align-self:var(--container-widget-align-self,initial);--flex-shrink:0}.e-con-inner>.elementor-widget-spacer>.elementor-widget-container,.e-con>.elementor-widget-spacer>.elementor-widget-container{height:100%;width:100%}.e-con-inner>.elementor-widget-spacer>.elementor-widget-container>.elementor-spacer,.e-con>.elementor-widget-spacer>.elementor-widget-container>.elementor-spacer{height:100%}.e-con-inner>.elementor-widget-spacer>.elementor-widget-container>.elementor-spacer>.elementor-spacer-inner,.e-con>.elementor-widget-spacer>.elementor-widget-container>.elementor-spacer>.elementor-spacer-inner{height:var(--container-widget-height,var(--spacer-size))}.e-con-inner>.elementor-widget-spacer.elementor-widget-empty,.e-con>.elementor-widget-spacer.elementor-widget-empty{position:relative;min-height:22px;min-width:22px}.e-con-inner>.elementor-widget-spacer.elementor-widget-empty .elementor-widget-empty-icon,.e-con>.elementor-widget-spacer.elementor-widget-empty .elementor-widget-empty-icon{position:absolute;top:0;bottom:0;left:0;right:0;margin:auto;padding:0;width:22px;height:22px}<\/style>\t\t<div class=\"elementor-spacer\">\n\t\t\t<div class=\"elementor-spacer-inner\"><\/div>\n\t\t<\/div>\n\t\t\t\t<\/div>\n\t\t\t\t<\/div>\n\t\t\t\t<div class=\"elementor-element elementor-element-9e2472d elementor-widget elementor-widget-heading\" data-id=\"9e2472d\" data-element_type=\"widget\" data-widget_type=\"heading.default\">\n\t\t\t\t<div class=\"elementor-widget-container\">\n\t\t\t<style>\/*! elementor - v3.19.0 - 07-02-2024 *\/\n.elementor-heading-title{padding:0;margin:0;line-height:1}.elementor-widget-heading .elementor-heading-title[class*=elementor-size-]>a{color:inherit;font-size:inherit;line-height:inherit}.elementor-widget-heading .elementor-heading-title.elementor-size-small{font-size:15px}.elementor-widget-heading .elementor-heading-title.elementor-size-medium{font-size:19px}.elementor-widget-heading .elementor-heading-title.elementor-size-large{font-size:29px}.elementor-widget-heading .elementor-heading-title.elementor-size-xl{font-size:39px}.elementor-widget-heading .elementor-heading-title.elementor-size-xxl{font-size:59px}<\/style><h1 class=\"elementor-heading-title elementor-size-default\">We Offer a Remodeling Services to Meet Your Needs<\/h1>\t\t<\/div>\n\t\t\t\t<\/div>\n\t\t\t\t<div class=\"elementor-element elementor-element-a88059a elementor-widget elementor-widget-heading\" data-id=\"a88059a\" data-element_type=\"widget\" data-widget_type=\"heading.default\">\n\t\t\t\t<div class=\"elementor-widget-container\">\n\t\t\t<h4 class=\"elementor-heading-title elementor-size-default\">Home Remodeling<\/h4>\t\t<\/div>\n\t\t\t\t<\/div>\n\t\t\t\t<div class=\"elementor-element elementor-element-8d8f08b elementor-widget elementor-widget-text-editor\" data-id=\"8d8f08b\" data-element_type=\"widget\" data-widget_type=\"text-editor.default\">\n\t\t\t\t<div class=\"elementor-widget-container\">\n\t\t\t<style>\/*! elementor - v3.19.0 - 07-02-2024 *\/\n.elementor-widget-text-editor.elementor-drop-cap-view-stacked .elementor-drop-cap{background-color:#69727d;color:#fff}.elementor-widget-text-editor.elementor-drop-cap-view-framed .elementor-drop-cap{color:#69727d;border:3px solid;background-color:transparent}.elementor-widget-text-editor:not(.elementor-drop-cap-view-default) .elementor-drop-cap{margin-top:8px}.elementor-widget-text-editor:not(.elementor-drop-cap-view-default) .elementor-drop-cap-letter{width:1em;height:1em}.elementor-widget-text-editor .elementor-drop-cap{float:left;text-align:center;line-height:1;font-size:50px}.elementor-widget-text-editor .elementor-drop-cap-letter{display:inline-block}<\/style>\t\t\t\t<p>A full house remodel or multiple room home renovation project can seem like an overwhelming task. That is why our team of remodeling, design and construction specialists are here to help aid you through the process. Those looking to remodel multiple rooms or complete an entire house renovate can have peace of mind that our project managers, general contractors, plumbers, electricians and structural engineers go above and beyond to we make sure that the full home remodeling process is as hassle-free and nonintrusive as possible.<\/p>\t\t\t\t\t\t<\/div>\n\t\t\t\t<\/div>\n\t\t\t\t\t<\/div>\n\t\t<\/div>\n\t\t\t\t\t<\/div>\n\t\t<\/section>\n\t\t\t\t<section class=\"elementor-section elementor-top-section elementor-element elementor-element-8752c5c elementor-section-boxed elementor-section-height-default elementor-section-height-default elementor-invisible\" data-id=\"8752c5c\" data-element_type=\"section\" data-settings=\"{&quot;background_background&quot;:&quot;classic&quot;,&quot;animation&quot;:&quot;slideInRight&quot;}\">\n\t\t\t\t\t\t\t<div class=\"elementor-background-overlay\"><\/div>\n\t\t\t\t\t\t\t<div class=\"elementor-container elementor-column-gap-default\">\n\t\t\t\t\t<div class=\"elementor-column elementor-col-50 elementor-top-column elementor-element elementor-element-eddb3fb\" data-id=\"eddb3fb\" data-element_type=\"column\">\n\t\t\t<div class=\"elementor-widget-wrap elementor-element-populated\">\n\t\t\t\t\t\t<div class=\"elementor-element elementor-element-f065235 elementor-widget elementor-widget-spacer\" data-id=\"f065235\" data-element_type=\"widget\" data-widget_type=\"spacer.default\">\n\t\t\t\t<div class=\"elementor-widget-container\">\n\t\t\t\t\t<div class=\"elementor-spacer\">\n\t\t\t<div class=\"elementor-spacer-inner\"><\/div>\n\t\t<\/div>\n\t\t\t\t<\/div>\n\t\t\t\t<\/div>\n\t\t\t\t<div class=\"elementor-element elementor-element-2fca526 elementor-widget elementor-widget-heading\" data-id=\"2fca526\" data-element_type=\"widget\" data-widget_type=\"heading.default\">\n\t\t\t\t<div class=\"elementor-widget-container\">\n\t\t\t<h1 class=\"elementor-heading-title elementor-size-default\">We Offer a Remodeling Services to Meet Your Needs<\/h1>\t\t<\/div>\n\t\t\t\t<\/div>\n\t\t\t\t<div class=\"elementor-element elementor-element-68953d6 elementor-widget elementor-widget-heading\" data-id=\"68953d6\" data-element_type=\"widget\" data-widget_type=\"heading.default\">\n\t\t\t\t<div class=\"elementor-widget-container\">\n\t\t\t<h4 class=\"elementor-heading-title elementor-size-default\">Bathroom Remodeling<\/h4>\t\t<\/div>\n\t\t\t\t<\/div>\n\t\t\t\t<div class=\"elementor-element elementor-element-de57e73 elementor-widget elementor-widget-text-editor\" data-id=\"de57e73\" data-element_type=\"widget\" data-widget_type=\"text-editor.default\">\n\t\t\t\t<div class=\"elementor-widget-container\">\n\t\t\t\t\t\t\t<p>Those looking to update or renovate a bathroom should consult one of our Bath Remodeling contractors to go over the costs associated with a bathroom remodel. Enhance your bathroom design with a little planning and view some of our inspirational bathroom remodel ideas.<\/p>\t\t\t\t\t\t<\/div>\n\t\t\t\t<\/div>\n\t\t\t\t\t<\/div>\n\t\t<\/div>\n\t\t\t\t<div class=\"elementor-column elementor-col-50 elementor-top-column elementor-element elementor-element-8271315\" data-id=\"8271315\" data-element_type=\"column\">\n\t\t\t<div class=\"elementor-widget-wrap elementor-element-populated\">\n\t\t\t\t\t\t<div class=\"elementor-element elementor-element-b4bc236 bdt-image-hover-effect-wrap bdt-image-hover-effect-1 elementor-widget elementor-widget-image\" data-id=\"b4bc236\" data-element_type=\"widget\" data-widget_type=\"image.default\">\n\t\t\t\t<div class=\"elementor-widget-container\">\n\t\t\t\t\t\t\t\t\t\t\t\t\t<img decoding=\"async\" width=\"525\" height=\"346\" src=\"https:\/\/terrasolutionscontractors.com\/wp-content\/uploads\/2024\/02\/shutterstock_1612435702-1024x675.webp\" class=\"attachment-large size-large wp-image-2628\" alt=\"\" srcset=\"https:\/\/terrasolutionscontractors.com\/wp-content\/uploads\/2024\/02\/shutterstock_1612435702-1024x675.webp 1024w, https:\/\/terrasolutionscontractors.com\/wp-content\/uploads\/2024\/02\/shutterstock_1612435702-300x198.webp 300w, https:\/\/terrasolutionscontractors.com\/wp-content\/uploads\/2024\/02\/shutterstock_1612435702-768x506.webp 768w, https:\/\/terrasolutionscontractors.com\/wp-content\/uploads\/2024\/02\/shutterstock_1612435702-1536x1013.webp 1536w, https:\/\/terrasolutionscontractors.com\/wp-content\/uploads\/2024\/02\/shutterstock_1612435702-600x396.webp 600w, https:\/\/terrasolutionscontractors.com\/wp-content\/uploads\/2024\/02\/shutterstock_1612435702.webp 2000w\" sizes=\"(max-width: 525px) 100vw, 525px\" \/>\t\t\t\t\t\t\t\t\t\t\t\t\t<\/div>\n\t\t\t\t<\/div>\n\t\t\t\t\t<\/div>\n\t\t<\/div>\n\t\t\t\t\t<\/div>\n\t\t<\/section>\n\t\t\t\t<section class=\"elementor-section elementor-top-section elementor-element elementor-element-40a6511 elementor-section-boxed elementor-section-height-default elementor-section-height-default elementor-invisible\" data-id=\"40a6511\" data-element_type=\"section\" data-settings=\"{&quot;animation&quot;:&quot;slideInLeft&quot;}\">\n\t\t\t\t\t\t<div class=\"elementor-container elementor-column-gap-default\">\n\t\t\t\t\t<div class=\"elementor-column elementor-col-50 elementor-top-column elementor-element elementor-element-47a7716\" data-id=\"47a7716\" data-element_type=\"column\">\n\t\t\t<div class=\"elementor-widget-wrap elementor-element-populated\">\n\t\t\t\t\t\t<div class=\"elementor-element elementor-element-c25ed73 bdt-image-hover-effect-wrap bdt-image-hover-effect-1 elementor-widget elementor-widget-image\" data-id=\"c25ed73\" data-element_type=\"widget\" data-widget_type=\"image.default\">\n\t\t\t\t<div class=\"elementor-widget-container\">\n\t\t\t\t\t\t\t\t\t\t\t\t\t<img decoding=\"async\" width=\"525\" height=\"334\" src=\"https:\/\/terrasolutionscontractors.com\/wp-content\/uploads\/2024\/02\/construction--1024x651.jpg\" class=\"attachment-large size-large wp-image-2640\" alt=\"\" srcset=\"https:\/\/terrasolutionscontractors.com\/wp-content\/uploads\/2024\/02\/construction--1024x651.jpg 1024w, https:\/\/terrasolutionscontractors.com\/wp-content\/uploads\/2024\/02\/construction--300x191.jpg 300w, https:\/\/terrasolutionscontractors.com\/wp-content\/uploads\/2024\/02\/construction--768x488.jpg 768w, https:\/\/terrasolutionscontractors.com\/wp-content\/uploads\/2024\/02\/construction--1536x976.jpg 1536w, https:\/\/terrasolutionscontractors.com\/wp-content\/uploads\/2024\/02\/construction--600x381.jpg 600w, https:\/\/terrasolutionscontractors.com\/wp-content\/uploads\/2024\/02\/construction-.jpg 2000w\" sizes=\"(max-width: 525px) 100vw, 525px\" \/>\t\t\t\t\t\t\t\t\t\t\t\t\t<\/div>\n\t\t\t\t<\/div>\n\t\t\t\t\t<\/div>\n\t\t<\/div>\n\t\t\t\t<div class=\"elementor-column elementor-col-50 elementor-top-column elementor-element elementor-element-4d9081f\" data-id=\"4d9081f\" data-element_type=\"column\">\n\t\t\t<div class=\"elementor-widget-wrap elementor-element-populated\">\n\t\t\t\t\t\t<div class=\"elementor-element elementor-element-fd59c9e elementor-widget elementor-widget-spacer\" data-id=\"fd59c9e\" data-element_type=\"widget\" data-widget_type=\"spacer.default\">\n\t\t\t\t<div class=\"elementor-widget-container\">\n\t\t\t\t\t<div class=\"elementor-spacer\">\n\t\t\t<div class=\"elementor-spacer-inner\"><\/div>\n\t\t<\/div>\n\t\t\t\t<\/div>\n\t\t\t\t<\/div>\n\t\t\t\t<div class=\"elementor-element elementor-element-a3b0562 elementor-widget elementor-widget-heading\" data-id=\"a3b0562\" data-element_type=\"widget\" data-widget_type=\"heading.default\">\n\t\t\t\t<div class=\"elementor-widget-container\">\n\t\t\t<h1 class=\"elementor-heading-title elementor-size-default\">We Offer a Remodeling Services to Meet Your Needs<\/h1>\t\t<\/div>\n\t\t\t\t<\/div>\n\t\t\t\t<div class=\"elementor-element elementor-element-ee56099 elementor-widget elementor-widget-heading\" data-id=\"ee56099\" data-element_type=\"widget\" data-widget_type=\"heading.default\">\n\t\t\t\t<div class=\"elementor-widget-container\">\n\t\t\t<h4 class=\"elementor-heading-title elementor-size-default\">Room Additions<\/h4>\t\t<\/div>\n\t\t\t\t<\/div>\n\t\t\t\t<div class=\"elementor-element elementor-element-1b7aad0 elementor-widget elementor-widget-text-editor\" data-id=\"1b7aad0\" data-element_type=\"widget\" data-widget_type=\"text-editor.default\">\n\t\t\t\t<div class=\"elementor-widget-container\">\n\t\t\t\t\t\t\t<p>Adding square footage to an existing floor plan or converting a room not only enhances curb appeal, a new room addition may increase square footage, add function and boost home value.\u00a0<\/p>\t\t\t\t\t\t<\/div>\n\t\t\t\t<\/div>\n\t\t\t\t\t<\/div>\n\t\t<\/div>\n\t\t\t\t\t<\/div>\n\t\t<\/section>\n\t\t\t\t<\/div>\n\t\t","protected":false},"excerpt":{"rendered":"<p>1,903 Sq Ft 4 Beds 2 Baths \u200bModelo 1903 SQFT Este nuevo hogar tiene todos los extras que has estado buscando, incluyendo encimeras de granito, electrodom\u00e9sticos de acero inoxidable, duchas, ba\u00f1eras y pisos de tablones de vinilo de lujo s\u00faper duraderos en todas las \u00e1reas, adem\u00e1s de un nuevo patio completamente cubierto de c\u00e9sped. Detail [&hellip;]<\/p>\n","protected":false},"author":1,"featured_media":0,"parent":0,"menu_order":0,"comment_status":"closed","ping_status":"closed","template":"tpl-default-elementor.php","meta":{"footnotes":""},"_links":{"self":[{"href":"https:\/\/terrasolutionscontractors.com\/index.php\/wp-json\/wp\/v2\/pages\/2548"}],"collection":[{"href":"https:\/\/terrasolutionscontractors.com\/index.php\/wp-json\/wp\/v2\/pages"}],"about":[{"href":"https:\/\/terrasolutionscontractors.com\/index.php\/wp-json\/wp\/v2\/types\/page"}],"author":[{"embeddable":true,"href":"https:\/\/terrasolutionscontractors.com\/index.php\/wp-json\/wp\/v2\/users\/1"}],"replies":[{"embeddable":true,"href":"https:\/\/terrasolutionscontractors.com\/index.php\/wp-json\/wp\/v2\/comments?post=2548"}],"version-history":[{"count":32,"href":"https:\/\/terrasolutionscontractors.com\/index.php\/wp-json\/wp\/v2\/pages\/2548\/revisions"}],"predecessor-version":[{"id":2650,"href":"https:\/\/terrasolutionscontractors.com\/index.php\/wp-json\/wp\/v2\/pages\/2548\/revisions\/2650"}],"wp:attachment":[{"href":"https:\/\/terrasolutionscontractors.com\/index.php\/wp-json\/wp\/v2\/media?parent=2548"}],"curies":[{"name":"wp","href":"https:\/\/api.w.org\/{rel}","templated":true}]}}