{"id":2713,"date":"2024-02-15T18:48:03","date_gmt":"2024-02-15T17:48:03","guid":{"rendered":"https:\/\/terrasolutionscontractors.com\/?page_id=2713"},"modified":"2024-02-15T18:54:47","modified_gmt":"2024-02-15T17:54:47","slug":"modelo-1636-sqft","status":"publish","type":"page","link":"https:\/\/terrasolutionscontractors.com\/index.php\/modelo-1636-sqft\/","title":{"rendered":"\u200b\u200bModelo\u00a01636 SQFT"},"content":{"rendered":"\t\t<div data-elementor-type=\"wp-page\" data-elementor-id=\"2713\" class=\"elementor elementor-2713\" data-elementor-post-type=\"page\">\n\t\t\t\t\t\t<section class=\"elementor-section elementor-top-section elementor-element elementor-element-ff8221b elementor-section-boxed elementor-section-height-default elementor-section-height-default\" data-id=\"ff8221b\" data-element_type=\"section\">\n\t\t\t\t\t\t\t<div class=\"elementor-background-overlay\"><\/div>\n\t\t\t\t\t\t\t<div class=\"elementor-container elementor-column-gap-default\">\n\t\t\t\t\t<div class=\"elementor-column elementor-col-50 elementor-top-column elementor-element elementor-element-e9caca4 animated-slow elementor-invisible\" data-id=\"e9caca4\" data-element_type=\"column\" data-settings=\"{&quot;animation&quot;:&quot;zoomIn&quot;}\">\n\t\t\t<div class=\"elementor-widget-wrap elementor-element-populated\">\n\t\t\t\t\t\t<div class=\"elementor-element elementor-element-e3e24ec elementor-widget elementor-widget-heading\" data-id=\"e3e24ec\" data-element_type=\"widget\" data-widget_type=\"heading.default\">\n\t\t\t\t<div class=\"elementor-widget-container\">\n\t\t\t<style>\/*! elementor - v3.19.0 - 07-02-2024 *\/\n.elementor-heading-title{padding:0;margin:0;line-height:1}.elementor-widget-heading .elementor-heading-title[class*=elementor-size-]>a{color:inherit;font-size:inherit;line-height:inherit}.elementor-widget-heading .elementor-heading-title.elementor-size-small{font-size:15px}.elementor-widget-heading .elementor-heading-title.elementor-size-medium{font-size:19px}.elementor-widget-heading .elementor-heading-title.elementor-size-large{font-size:29px}.elementor-widget-heading .elementor-heading-title.elementor-size-xl{font-size:39px}.elementor-widget-heading .elementor-heading-title.elementor-size-xxl{font-size:59px}<\/style><h3 class=\"elementor-heading-title elementor-size-default\">Modelo 1636 SQFT<\/h3>\t\t<\/div>\n\t\t\t\t<\/div>\n\t\t\t\t<div class=\"elementor-element elementor-element-27a06ae elementor-icon-list--layout-inline elementor-align-center elementor-list-item-link-full_width elementor-widget elementor-widget-icon-list\" data-id=\"27a06ae\" data-element_type=\"widget\" data-widget_type=\"icon-list.default\">\n\t\t\t\t<div class=\"elementor-widget-container\">\n\t\t\t<link rel=\"stylesheet\" href=\"https:\/\/terrasolutionscontractors.com\/wp-content\/plugins\/elementor\/assets\/css\/widget-icon-list.min.css\">\t\t<ul class=\"elementor-icon-list-items elementor-inline-items\">\n\t\t\t\t\t\t\t<li class=\"elementor-icon-list-item elementor-inline-item\">\n\t\t\t\t\t\t\t\t\t\t\t<span class=\"elementor-icon-list-icon\">\n\t\t\t\t\t\t\t<svg aria-hidden=\"true\" class=\"e-font-icon-svg e-fas-arrows-alt\" viewBox=\"0 0 512 512\" xmlns=\"http:\/\/www.w3.org\/2000\/svg\"><path d=\"M352.201 425.775l-79.196 79.196c-9.373 9.373-24.568 9.373-33.941 0l-79.196-79.196c-15.119-15.119-4.411-40.971 16.971-40.97h51.162L228 284H127.196v51.162c0 21.382-25.851 32.09-40.971 16.971L7.029 272.937c-9.373-9.373-9.373-24.569 0-33.941L86.225 159.8c15.119-15.119 40.971-4.411 40.971 16.971V228H228V127.196h-51.23c-21.382 0-32.09-25.851-16.971-40.971l79.196-79.196c9.373-9.373 24.568-9.373 33.941 0l79.196 79.196c15.119 15.119 4.411 40.971-16.971 40.971h-51.162V228h100.804v-51.162c0-21.382 25.851-32.09 40.97-16.971l79.196 79.196c9.373 9.373 9.373 24.569 0 33.941L425.773 352.2c-15.119 15.119-40.971 4.411-40.97-16.971V284H284v100.804h51.23c21.382 0 32.09 25.851 16.971 40.971z\"><\/path><\/svg>\t\t\t\t\t\t<\/span>\n\t\t\t\t\t\t\t\t\t\t<span class=\"elementor-icon-list-text\">1,636 Sq Ft<\/span>\n\t\t\t\t\t\t\t\t\t<\/li>\n\t\t\t\t\t\t\t\t<li class=\"elementor-icon-list-item elementor-inline-item\">\n\t\t\t\t\t\t\t\t\t\t\t<span class=\"elementor-icon-list-icon\">\n\t\t\t\t\t\t\t<svg aria-hidden=\"true\" class=\"e-font-icon-svg e-fas-bed\" viewBox=\"0 0 640 512\" xmlns=\"http:\/\/www.w3.org\/2000\/svg\"><path d=\"M176 256c44.11 0 80-35.89 80-80s-35.89-80-80-80-80 35.89-80 80 35.89 80 80 80zm352-128H304c-8.84 0-16 7.16-16 16v144H64V80c0-8.84-7.16-16-16-16H16C7.16 64 0 71.16 0 80v352c0 8.84 7.16 16 16 16h32c8.84 0 16-7.16 16-16v-48h512v48c0 8.84 7.16 16 16 16h32c8.84 0 16-7.16 16-16V240c0-61.86-50.14-112-112-112z\"><\/path><\/svg>\t\t\t\t\t\t<\/span>\n\t\t\t\t\t\t\t\t\t\t<span class=\"elementor-icon-list-text\"> 4 Beds<\/span>\n\t\t\t\t\t\t\t\t\t<\/li>\n\t\t\t\t\t\t\t\t<li class=\"elementor-icon-list-item elementor-inline-item\">\n\t\t\t\t\t\t\t\t\t\t\t<span class=\"elementor-icon-list-icon\">\n\t\t\t\t\t\t\t<svg aria-hidden=\"true\" class=\"e-font-icon-svg e-fas-bath\" viewBox=\"0 0 512 512\" xmlns=\"http:\/\/www.w3.org\/2000\/svg\"><path d=\"M32,384a95.4,95.4,0,0,0,32,71.09V496a16,16,0,0,0,16,16h32a16,16,0,0,0,16-16V480H384v16a16,16,0,0,0,16,16h32a16,16,0,0,0,16-16V455.09A95.4,95.4,0,0,0,480,384V336H32ZM496,256H80V69.25a21.26,21.26,0,0,1,36.28-15l19.27,19.26c-13.13,29.88-7.61,59.11,8.62,79.73l-.17.17A16,16,0,0,0,144,176l11.31,11.31a16,16,0,0,0,22.63,0L283.31,81.94a16,16,0,0,0,0-22.63L272,48a16,16,0,0,0-22.62,0l-.17.17c-20.62-16.23-49.83-21.75-79.73-8.62L150.22,20.28A69.25,69.25,0,0,0,32,69.25V256H16A16,16,0,0,0,0,272v16a16,16,0,0,0,16,16H496a16,16,0,0,0,16-16V272A16,16,0,0,0,496,256Z\"><\/path><\/svg>\t\t\t\t\t\t<\/span>\n\t\t\t\t\t\t\t\t\t\t<span class=\"elementor-icon-list-text\">2 Baths<\/span>\n\t\t\t\t\t\t\t\t\t<\/li>\n\t\t\t\t\t\t\t\t<li class=\"elementor-icon-list-item elementor-inline-item\">\n\t\t\t\t\t\t\t\t\t\t\t<span class=\"elementor-icon-list-icon\">\n\t\t\t\t\t\t\t<svg aria-hidden=\"true\" class=\"e-font-icon-svg e-fas-car\" viewBox=\"0 0 512 512\" xmlns=\"http:\/\/www.w3.org\/2000\/svg\"><path d=\"M499.99 176h-59.87l-16.64-41.6C406.38 91.63 365.57 64 319.5 64h-127c-46.06 0-86.88 27.63-103.99 70.4L71.87 176H12.01C4.2 176-1.53 183.34.37 190.91l6 24C7.7 220.25 12.5 224 18.01 224h20.07C24.65 235.73 16 252.78 16 272v48c0 16.12 6.16 30.67 16 41.93V416c0 17.67 14.33 32 32 32h32c17.67 0 32-14.33 32-32v-32h256v32c0 17.67 14.33 32 32 32h32c17.67 0 32-14.33 32-32v-54.07c9.84-11.25 16-25.8 16-41.93v-48c0-19.22-8.65-36.27-22.07-48H494c5.51 0 10.31-3.75 11.64-9.09l6-24c1.89-7.57-3.84-14.91-11.65-14.91zm-352.06-17.83c7.29-18.22 24.94-30.17 44.57-30.17h127c19.63 0 37.28 11.95 44.57 30.17L384 208H128l19.93-49.83zM96 319.8c-19.2 0-32-12.76-32-31.9S76.8 256 96 256s48 28.71 48 47.85-28.8 15.95-48 15.95zm320 0c-19.2 0-48 3.19-48-15.95S396.8 256 416 256s32 12.76 32 31.9-12.8 31.9-32 31.9z\"><\/path><\/svg>\t\t\t\t\t\t<\/span>\n\t\t\t\t\t\t\t\t\t\t<span class=\"elementor-icon-list-text\">2 Garage<\/span>\n\t\t\t\t\t\t\t\t\t<\/li>\n\t\t\t\t\t\t<\/ul>\n\t\t\t\t<\/div>\n\t\t\t\t<\/div>\n\t\t\t\t<div class=\"elementor-element elementor-element-f145433 elementor-widget elementor-widget-text-editor\" data-id=\"f145433\" data-element_type=\"widget\" data-widget_type=\"text-editor.default\">\n\t\t\t\t<div class=\"elementor-widget-container\">\n\t\t\t<style>\/*! elementor - v3.19.0 - 07-02-2024 *\/\n.elementor-widget-text-editor.elementor-drop-cap-view-stacked .elementor-drop-cap{background-color:#69727d;color:#fff}.elementor-widget-text-editor.elementor-drop-cap-view-framed .elementor-drop-cap{color:#69727d;border:3px solid;background-color:transparent}.elementor-widget-text-editor:not(.elementor-drop-cap-view-default) .elementor-drop-cap{margin-top:8px}.elementor-widget-text-editor:not(.elementor-drop-cap-view-default) .elementor-drop-cap-letter{width:1em;height:1em}.elementor-widget-text-editor .elementor-drop-cap{float:left;text-align:center;line-height:1;font-size:50px}.elementor-widget-text-editor .elementor-drop-cap-letter{display:inline-block}<\/style>\t\t\t\t<p>\u200bEste nuevo hogar tiene todos los extras que has estado buscando, incluyendo encimeras de granito, electrodom\u00e9sticos de acero inoxidable, duchas, ba\u00f1eras y pisos de tablones de vinilo de lujo s\u00faper duraderos en todas las \u00e1reas, adem\u00e1s de un nuevo patio completamente cubierto de c\u00e9sped.<\/p>\t\t\t\t\t\t<\/div>\n\t\t\t\t<\/div>\n\t\t\t\t<div class=\"elementor-element elementor-element-79a3f00 elementor-widget elementor-widget-image\" data-id=\"79a3f00\" data-element_type=\"widget\" data-widget_type=\"image.default\">\n\t\t\t\t<div class=\"elementor-widget-container\">\n\t\t\t<style>\/*! elementor - v3.19.0 - 07-02-2024 *\/\n.elementor-widget-image{text-align:center}.elementor-widget-image a{display:inline-block}.elementor-widget-image a img[src$=\".svg\"]{width:48px}.elementor-widget-image img{vertical-align:middle;display:inline-block}<\/style>\t\t\t\t\t\t\t\t\t\t<img fetchpriority=\"high\" decoding=\"async\" width=\"525\" height=\"371\" src=\"https:\/\/terrasolutionscontractors.com\/wp-content\/uploads\/2024\/02\/PLANO-1636-SQFT-EN-PORT-CHARLOTTE-01-1-1024x724.jpg\" class=\"attachment-large size-large wp-image-2796\" alt=\"\" srcset=\"https:\/\/terrasolutionscontractors.com\/wp-content\/uploads\/2024\/02\/PLANO-1636-SQFT-EN-PORT-CHARLOTTE-01-1-1024x724.jpg 1024w, https:\/\/terrasolutionscontractors.com\/wp-content\/uploads\/2024\/02\/PLANO-1636-SQFT-EN-PORT-CHARLOTTE-01-1-300x212.jpg 300w, https:\/\/terrasolutionscontractors.com\/wp-content\/uploads\/2024\/02\/PLANO-1636-SQFT-EN-PORT-CHARLOTTE-01-1-768x543.jpg 768w, https:\/\/terrasolutionscontractors.com\/wp-content\/uploads\/2024\/02\/PLANO-1636-SQFT-EN-PORT-CHARLOTTE-01-1-1536x1086.jpg 1536w, https:\/\/terrasolutionscontractors.com\/wp-content\/uploads\/2024\/02\/PLANO-1636-SQFT-EN-PORT-CHARLOTTE-01-1-600x424.jpg 600w, https:\/\/terrasolutionscontractors.com\/wp-content\/uploads\/2024\/02\/PLANO-1636-SQFT-EN-PORT-CHARLOTTE-01-1.jpg 1920w\" sizes=\"(max-width: 525px) 100vw, 525px\" \/>\t\t\t\t\t\t\t\t\t\t\t\t\t<\/div>\n\t\t\t\t<\/div>\n\t\t\t\t\t<\/div>\n\t\t<\/div>\n\t\t\t\t<div class=\"elementor-column elementor-col-50 elementor-top-column elementor-element elementor-element-6968905 animated-slow elementor-invisible\" data-id=\"6968905\" data-element_type=\"column\" data-settings=\"{&quot;animation&quot;:&quot;zoomIn&quot;,&quot;background_background&quot;:&quot;classic&quot;}\">\n\t\t\t<div class=\"elementor-widget-wrap elementor-element-populated\">\n\t\t\t\t\t<div class=\"elementor-background-overlay\"><\/div>\n\t\t\t\t\t\t<div class=\"elementor-element elementor-element-a604ad3 elementor-widget elementor-widget-bdt-slideshow\" data-id=\"a604ad3\" data-element_type=\"widget\" data-widget_type=\"bdt-slideshow.default\">\n\t\t\t\t<div class=\"elementor-widget-container\">\n\t\t\t\t\t<div data-bdt-slideshow=\"{&quot;animation&quot;:&quot;slide&quot;,&quot;ratio&quot;:&quot;16:9&quot;,&quot;min-height&quot;:false,&quot;autoplay&quot;:true,&quot;autoplay-interval&quot;:7000,&quot;pause-on-hover&quot;:false,&quot;velocity&quot;:1}\" class=\"bdt-arrows-align-center\">\n\t\t\t<div class=\"bdt-position-relative bdt-visible-toggle\">\n\n\t\t\t\t\n\t\t\t\t<ul class=\"bdt-slideshow-items\" >\n\t\t\t\t\t\n\t\t\t<li class=\"bdt-slideshow-item elementor-repeater-item-4beef24\">\n\t\t\t\t\n\t\t\t\t\t\t\t\t\t\t\t<img decoding=\"async\" src=\"https:\/\/terrasolutionscontractors.com\/wp-content\/uploads\/2024\/02\/1636-sqft.jpg\" alt=\"\u200b\u200bModelo\u00a01636 SQFT\" class=\"bdt-cover\" data-bdt-cover=\"\">\t\t\t\t\t\n\t\t\t\t\t\n\t\t\t\t\n\t\t\t\t\t\t<div\n\t\t\tclass=\"bdt-slideshow-content-wrapper bdt-position-z-index bdt-position-center bdt-position-large bdt-text-center\">\n\t\t\t\n\t\t\t\n\t\t\t\n\t\t\t\n\t\t\t\t\t<\/div>\n\n\t\t\t\t\t<\/li>\n\n\t\t\n\t\t\t<li class=\"bdt-slideshow-item elementor-repeater-item-3ee1efa\">\n\t\t\t\t\n\t\t\t\t\t\t\t\t\t\t\t<img decoding=\"async\" src=\"https:\/\/terrasolutionscontractors.com\/wp-content\/uploads\/2024\/02\/SALA-1616-.jpg\" alt=\"\u200b\u200bModelo\u00a01636 SQFT\" class=\"bdt-cover\" data-bdt-cover=\"\">\t\t\t\t\t\n\t\t\t\t\t\n\t\t\t\t\n\t\t\t\t\t\t<div\n\t\t\tclass=\"bdt-slideshow-content-wrapper bdt-position-z-index bdt-position-center bdt-position-large bdt-text-center\">\n\t\t\t\n\t\t\t\n\t\t\t\n\t\t\t\n\t\t\t\t\t<\/div>\n\n\t\t\t\t\t<\/li>\n\n\t\t\n\t\t\t<li class=\"bdt-slideshow-item elementor-repeater-item-3c413e9\">\n\t\t\t\t\n\t\t\t\t\t\t\t\t\t\t\t<img decoding=\"async\" src=\"https:\/\/terrasolutionscontractors.com\/wp-content\/uploads\/2024\/02\/IMG_7367.jpg\" alt=\"\u200b\u200bModelo\u00a01636 SQFT\" class=\"bdt-cover\" data-bdt-cover=\"\">\t\t\t\t\t\n\t\t\t\t\t\n\t\t\t\t\n\t\t\t\t\t\t<div\n\t\t\tclass=\"bdt-slideshow-content-wrapper bdt-position-z-index bdt-position-center bdt-position-large bdt-text-center\">\n\t\t\t\n\t\t\t\n\t\t\t\n\t\t\t\n\t\t\t\t\t<\/div>\n\n\t\t\t\t\t<\/li>\n\n\t\t\n\t\t\t<li class=\"bdt-slideshow-item elementor-repeater-item-4623728\">\n\t\t\t\t\n\t\t\t\t\t\t\t\t\t\t\t<img decoding=\"async\" src=\"https:\/\/terrasolutionscontractors.com\/wp-content\/uploads\/2024\/02\/cuarto1-copy.jpg\" alt=\"\u200b\u200bModelo\u00a01636 SQFT\" class=\"bdt-cover\" data-bdt-cover=\"\">\t\t\t\t\t\n\t\t\t\t\t\n\t\t\t\t\n\t\t\t\t\t\t<div\n\t\t\tclass=\"bdt-slideshow-content-wrapper bdt-position-z-index bdt-position-center bdt-position-large bdt-text-center\">\n\t\t\t\n\t\t\t\n\t\t\t\n\t\t\t\n\t\t\t\t\t<\/div>\n\n\t\t\t\t\t<\/li>\n\n\t\t\n\t\t\t<li class=\"bdt-slideshow-item elementor-repeater-item-d11560f\">\n\t\t\t\t\n\t\t\t\t\t\t\t\t\t\t\t<img decoding=\"async\" src=\"https:\/\/terrasolutionscontractors.com\/wp-content\/uploads\/2024\/02\/IMG_7362.jpg\" alt=\"\u200b\u200bModelo\u00a01636 SQFT\" class=\"bdt-cover\" data-bdt-cover=\"\">\t\t\t\t\t\n\t\t\t\t\t\n\t\t\t\t\n\t\t\t\t\t\t<div\n\t\t\tclass=\"bdt-slideshow-content-wrapper bdt-position-z-index bdt-position-center bdt-position-large bdt-text-center\">\n\t\t\t\n\t\t\t\n\t\t\t\n\t\t\t\n\t\t\t\t\t<\/div>\n\n\t\t\t\t\t<\/li>\n\n\t\t\n\t\t\t<li class=\"bdt-slideshow-item elementor-repeater-item-5a068f0\">\n\t\t\t\t\n\t\t\t\t\t\t\t\t\t\t\t<img decoding=\"async\" src=\"https:\/\/terrasolutionscontractors.com\/wp-content\/uploads\/2024\/02\/IMG_7368.jpg\" alt=\"\u200b\u200bModelo\u00a01636 SQFT\" class=\"bdt-cover\" data-bdt-cover=\"\">\t\t\t\t\t\n\t\t\t\t\t\n\t\t\t\t\n\t\t\t\t\t\t<div\n\t\t\tclass=\"bdt-slideshow-content-wrapper bdt-position-z-index bdt-position-center bdt-position-large bdt-text-center\">\n\t\t\t\n\t\t\t\n\t\t\t\n\t\t\t\n\t\t\t\t\t<\/div>\n\n\t\t\t\t\t<\/li>\n\n\t\t\n\t\t\t<li class=\"bdt-slideshow-item elementor-repeater-item-c7665bb\">\n\t\t\t\t\n\t\t\t\t\t\t\t\t\t\t\t<img decoding=\"async\" src=\"https:\/\/terrasolutionscontractors.com\/wp-content\/uploads\/2024\/02\/IMG_7370.jpg\" alt=\"\u200b\u200bModelo\u00a01636 SQFT\" class=\"bdt-cover\" data-bdt-cover=\"\">\t\t\t\t\t\n\t\t\t\t\t\n\t\t\t\t\n\t\t\t\t\t\t<div\n\t\t\tclass=\"bdt-slideshow-content-wrapper bdt-position-z-index bdt-position-center bdt-position-large bdt-text-center\">\n\t\t\t\n\t\t\t\n\t\t\t\n\t\t\t\n\t\t\t\t\t<\/div>\n\n\t\t\t\t\t<\/li>\n\n\t\t\t\t\t\t<\/ul>\n\t\t\t\t\t\t\t\t\t\t\t<div class=\"bdt-position-z-index bdt-position-center bdt-visible@m\">\n\t\t\t<div class=\"bdt-arrows-container bdt-slidenav-container\">\n\t\t\t\t<a href=\"\" class=\"bdt-navigation-prev bdt-slidenav-previous bdt-icon bdt-slidenav\"\n\t\t\t\t\tdata-bdt-slideshow-item=\"previous\">\n\t\t\t\t\t<i class=\"ep-icon-arrow-left-0\" aria-hidden=\"true\"><\/i>\n\t\t\t\t<\/a>\n\t\t\t\t<a href=\"\" class=\"bdt-navigation-next bdt-slidenav-next bdt-icon bdt-slidenav\" data-bdt-slideshow-item=\"next\">\n\t\t\t\t\t<i class=\"ep-icon-arrow-right-0\" aria-hidden=\"true\"><\/i>\n\t\t\t\t<\/a>\n\t\t\t<\/div>\n\t\t<\/div>\n\t\t\t\t\t\t\t\t\t<\/div>\n\t\t<\/div>\n\t\t\t\t<\/div>\n\t\t\t\t<\/div>\n\t\t\t\t<div class=\"elementor-element elementor-element-d4c43f5 elementor-widget elementor-widget-text-editor\" data-id=\"d4c43f5\" data-element_type=\"widget\" data-widget_type=\"text-editor.default\">\n\t\t\t\t<div class=\"elementor-widget-container\">\n\t\t\t\t\t\t\t<h2><strong>Floor Plan 1636 Sqft<\/strong><\/h2><p>\u200bEl espacioso plano de planta abierto permite un amplio espacio para el entretenimiento con una cocina\/sala principal de concepto abierto.<\/p><p><span class=\"text-800\">\u00bfDeseas m\u00e1s informaci\u00f3n sobre este modelo?\u00a0<\/span><\/p>\t\t\t\t\t\t<\/div>\n\t\t\t\t<\/div>\n\t\t\t\t<div class=\"elementor-element elementor-element-78c96d1 elementor-align-left elementor-widget elementor-widget-bdt-advanced-button\" data-id=\"78c96d1\" data-element_type=\"widget\" data-widget_type=\"bdt-advanced-button.default\">\n\t\t\t\t<div class=\"elementor-widget-container\">\n\t\t\t\t\t<div class=\"bdt-ep-button-wrapper\">\n\t\t\t<a href=\"https:\/\/api.whatsapp.com\/send?phone=13059946794&#038;text=Hello%2C+I+want+more+information+about+this+home.\" class=\"bdt-ep-button bdt-ep-button-effect-e bdt-ep-button-size-sm\">\n\t\t\t\t\t\t<div class=\"bdt-ep-button-content-wrapper bdt-flex bdt-flex-middle bdt-flex-center  \" data-text=\"Message\">\n\t\t\t\t\t\t\t<div class=\"bdt-ep-button-icon bdt-flex-center bdt-flex-align-left\">\n\t\t\t\t\t<div class=\"bdt-ep-button-icon-inner\">\n\n\t\t\t\t\t\t<svg aria-hidden=\"true\" class=\"fa-fw e-font-icon-svg e-fab-whatsapp\" viewBox=\"0 0 448 512\" xmlns=\"http:\/\/www.w3.org\/2000\/svg\"><path d=\"M380.9 97.1C339 55.1 283.2 32 223.9 32c-122.4 0-222 99.6-222 222 0 39.1 10.2 77.3 29.6 111L0 480l117.7-30.9c32.4 17.7 68.9 27 106.1 27h.1c122.3 0 224.1-99.6 224.1-222 0-59.3-25.2-115-67.1-157zm-157 341.6c-33.2 0-65.7-8.9-94-25.7l-6.7-4-69.8 18.3L72 359.2l-4.4-7c-18.5-29.4-28.2-63.3-28.2-98.2 0-101.7 82.8-184.5 184.6-184.5 49.3 0 95.6 19.2 130.4 54.1 34.8 34.9 56.2 81.2 56.1 130.5 0 101.8-84.9 184.6-186.6 184.6zm101.2-138.2c-5.5-2.8-32.8-16.2-37.9-18-5.1-1.9-8.8-2.8-12.5 2.8-3.7 5.6-14.3 18-17.6 21.8-3.2 3.7-6.5 4.2-12 1.4-32.6-16.3-54-29.1-75.5-66-5.7-9.8 5.7-9.1 16.3-30.3 1.8-3.7.9-6.9-.5-9.7-1.4-2.8-12.5-30.1-17.1-41.2-4.5-10.8-9.1-9.3-12.5-9.5-3.2-.2-6.9-.2-10.6-.2-3.7 0-9.7 1.4-14.8 6.9-5.1 5.6-19.4 19-19.4 46.3 0 27.3 19.9 53.7 22.6 57.4 2.8 3.7 39.1 59.7 94.8 83.8 35.2 15.2 49 16.5 66.6 13.9 10.7-1.6 32.8-13.4 37.4-26.4 4.6-13 4.6-24.1 3.2-26.4-1.3-2.5-5-3.9-10.5-6.6z\"><\/path><\/svg>\n\t\t\t\t\t<\/div>\n\t\t\t\t<\/div>\n\t\t\t\n\t\t\t<div class=\"bdt-ep-button-text\">\n\n\t\t\t\t<span class=\"avdbtn-text\">\n\t\t\t\t\tMessage\t\t\t\t<\/span>\n\n\t\t\t\t\t\t\t<\/div>\n\n\t\t\t\n\t\t<\/div>\n\t\t\t\t\t<\/a>\n\t\t<\/div>\n\t\t\t\t<\/div>\n\t\t\t\t<\/div>\n\t\t\t\t\t<\/div>\n\t\t<\/div>\n\t\t\t\t\t<\/div>\n\t\t<\/section>\n\t\t\t\t<\/div>\n\t\t","protected":false},"excerpt":{"rendered":"<p>Modelo 1636 SQFT 1,636 Sq Ft 4 Beds 2 Baths 2 Garage \u200bEste nuevo hogar tiene todos los extras que has estado buscando, incluyendo encimeras de granito, electrodom\u00e9sticos de acero inoxidable, duchas, ba\u00f1eras y pisos de tablones de vinilo de lujo s\u00faper duraderos en todas las \u00e1reas, adem\u00e1s de un nuevo patio completamente cubierto de [&hellip;]<\/p>\n","protected":false},"author":1,"featured_media":0,"parent":0,"menu_order":0,"comment_status":"closed","ping_status":"closed","template":"tpl-default-elementor.php","meta":{"footnotes":""},"_links":{"self":[{"href":"https:\/\/terrasolutionscontractors.com\/index.php\/wp-json\/wp\/v2\/pages\/2713"}],"collection":[{"href":"https:\/\/terrasolutionscontractors.com\/index.php\/wp-json\/wp\/v2\/pages"}],"about":[{"href":"https:\/\/terrasolutionscontractors.com\/index.php\/wp-json\/wp\/v2\/types\/page"}],"author":[{"embeddable":true,"href":"https:\/\/terrasolutionscontractors.com\/index.php\/wp-json\/wp\/v2\/users\/1"}],"replies":[{"embeddable":true,"href":"https:\/\/terrasolutionscontractors.com\/index.php\/wp-json\/wp\/v2\/comments?post=2713"}],"version-history":[{"count":4,"href":"https:\/\/terrasolutionscontractors.com\/index.php\/wp-json\/wp\/v2\/pages\/2713\/revisions"}],"predecessor-version":[{"id":2800,"href":"https:\/\/terrasolutionscontractors.com\/index.php\/wp-json\/wp\/v2\/pages\/2713\/revisions\/2800"}],"wp:attachment":[{"href":"https:\/\/terrasolutionscontractors.com\/index.php\/wp-json\/wp\/v2\/media?parent=2713"}],"curies":[{"name":"wp","href":"https:\/\/api.w.org\/{rel}","templated":true}]}}